{"id":46,"date":"2021-11-22T22:21:27","date_gmt":"2021-11-22T21:21:27","guid":{"rendered":"http:\/\/equiteisme.com\/?page_id=46"},"modified":"2021-11-24T21:45:15","modified_gmt":"2021-11-24T20:45:15","slug":"accueil","status":"publish","type":"page","link":"https:\/\/equiteisme.com\/","title":{"rendered":""},"content":{"rendered":"\t\t<div data-elementor-type=\"wp-page\" data-elementor-id=\"46\" class=\"elementor elementor-46\">\n\t\t\t\t\t\t\t\t\t<section class=\"elementor-section elementor-top-section elementor-element elementor-element-e1c6376 elementor-section-boxed elementor-section-height-default elementor-section-height-default\" data-id=\"e1c6376\" data-element_type=\"section\">\n\t\t\t\t\t\t<div class=\"elementor-container elementor-column-gap-default\">\n\t\t\t\t\t<div class=\"elementor-column elementor-col-100 elementor-top-column elementor-element elementor-element-625fd1d\" data-id=\"625fd1d\" data-element_type=\"column\">\n\t\t\t<div class=\"elementor-widget-wrap elementor-element-populated\">\n\t\t\t\t\t\t\t\t<div class=\"elementor-element elementor-element-88f4d58 elementor-widget elementor-widget-text-editor\" data-id=\"88f4d58\" data-element_type=\"widget\" data-widget_type=\"text-editor.default\">\n\t\t\t\t<div class=\"elementor-widget-container\">\n\t\t\t<style>\/*! elementor - v3.16.0 - 17-10-2023 *\/\n.elementor-widget-text-editor.elementor-drop-cap-view-stacked .elementor-drop-cap{background-color:#69727d;color:#fff}.elementor-widget-text-editor.elementor-drop-cap-view-framed .elementor-drop-cap{color:#69727d;border:3px solid;background-color:transparent}.elementor-widget-text-editor:not(.elementor-drop-cap-view-default) .elementor-drop-cap{margin-top:8px}.elementor-widget-text-editor:not(.elementor-drop-cap-view-default) .elementor-drop-cap-letter{width:1em;height:1em}.elementor-widget-text-editor .elementor-drop-cap{float:left;text-align:center;line-height:1;font-size:50px}.elementor-widget-text-editor .elementor-drop-cap-letter{display:inline-block}<\/style>\t\t\t\t\t\t\t\t\t\t<\/div>\n\t\t\t\t<\/div>\n\t\t\t\t\t<\/div>\n\t\t<\/div>\n\t\t\t\t\t\t\t<\/div>\n\t\t<\/section>\n\t\t\t\t<section class=\"elementor-section elementor-top-section elementor-element elementor-element-dba83cb elementor-section-boxed elementor-section-height-default elementor-section-height-default\" data-id=\"dba83cb\" data-element_type=\"section\">\n\t\t\t\t\t\t<div class=\"elementor-container elementor-column-gap-default\">\n\t\t\t\t\t<div class=\"elementor-column elementor-col-100 elementor-top-column elementor-element elementor-element-f33cf02\" data-id=\"f33cf02\" data-element_type=\"column\">\n\t\t\t<div class=\"elementor-widget-wrap elementor-element-populated\">\n\t\t\t\t\t\t\t\t<div class=\"elementor-element elementor-element-5f5644e elementor-widget elementor-widget-heading\" data-id=\"5f5644e\" data-element_type=\"widget\" data-widget_type=\"heading.default\">\n\t\t\t\t<div class=\"elementor-widget-container\">\n\t\t\t<style>\/*! elementor - v3.16.0 - 17-10-2023 *\/\n.elementor-heading-title{padding:0;margin:0;line-height:1}.elementor-widget-heading .elementor-heading-title[class*=elementor-size-]>a{color:inherit;font-size:inherit;line-height:inherit}.elementor-widget-heading .elementor-heading-title.elementor-size-small{font-size:15px}.elementor-widget-heading .elementor-heading-title.elementor-size-medium{font-size:19px}.elementor-widget-heading .elementor-heading-title.elementor-size-large{font-size:29px}.elementor-widget-heading .elementor-heading-title.elementor-size-xl{font-size:39px}.elementor-widget-heading .elementor-heading-title.elementor-size-xxl{font-size:59px}<\/style><h2 class=\"elementor-heading-title elementor-size-default\">Ni capitalisme, ni communisme<\/h2>\t\t<\/div>\n\t\t\t\t<\/div>\n\t\t\t\t\t<\/div>\n\t\t<\/div>\n\t\t\t\t\t\t\t<\/div>\n\t\t<\/section>\n\t\t\t\t<section class=\"elementor-section elementor-top-section elementor-element elementor-element-a303659 elementor-section-boxed elementor-section-height-default elementor-section-height-default\" data-id=\"a303659\" data-element_type=\"section\">\n\t\t\t\t\t\t<div class=\"elementor-container elementor-column-gap-default\">\n\t\t\t\t\t<div class=\"elementor-column elementor-col-100 elementor-top-column elementor-element elementor-element-d6689ea\" data-id=\"d6689ea\" data-element_type=\"column\">\n\t\t\t<div class=\"elementor-widget-wrap elementor-element-populated\">\n\t\t\t\t\t\t\t\t<div class=\"elementor-element elementor-element-45f62ad elementor-widget elementor-widget-text-editor\" data-id=\"45f62ad\" data-element_type=\"widget\" data-widget_type=\"text-editor.default\">\n\t\t\t\t<div class=\"elementor-widget-container\">\n\t\t\t\t\t\t\t<p>L&#8217;<strong>\u00e9quit\u00e9isme<\/strong> est un nouveau r\u00e9gime \u00e9conomique ax\u00e9 non pas sur l&#8217;accumulation sans limite du profit, mais sur la <b>justice sociale<\/b>. <\/p><p>Dans ce syst\u00e8me d&#8217;<b>\u00e9conomie de march\u00e9 post-capitaliste<\/b>, ce n\u2019est plus le <i>capital<\/i> qui est au centre de l\u2019\u00e9conomie (donc le pouvoir des milliardaires), ni le <i>collectif<\/i> (qui \u00e9crase la libert\u00e9 individuelle en r\u00e9gime communiste), mais <i>l\u2019\u00e9quit\u00e9<\/i>\u00a0: traiter chaque citoyen de mani\u00e8re <b>\u00e9quitable<\/b>. C&#8217;est un mod\u00e8le enti\u00e8rement nouveau, \u00e0 la fois <b>lib\u00e9ral <\/b>et <b>anticapitaliste<\/b>.<\/p>\t\t\t\t\t\t<\/div>\n\t\t\t\t<\/div>\n\t\t\t\t<div class=\"elementor-element elementor-element-6362009 elementor-widget elementor-widget-spacer\" data-id=\"6362009\" data-element_type=\"widget\" data-widget_type=\"spacer.default\">\n\t\t\t\t<div class=\"elementor-widget-container\">\n\t\t\t<style>\/*! elementor - v3.16.0 - 17-10-2023 *\/\n.elementor-column .elementor-spacer-inner{height:var(--spacer-size)}.e-con{--container-widget-width:100%}.e-con-inner>.elementor-widget-spacer,.e-con>.elementor-widget-spacer{width:var(--container-widget-width,var(--spacer-size));--align-self:var(--container-widget-align-self,initial);--flex-shrink:0}.e-con-inner>.elementor-widget-spacer>.elementor-widget-container,.e-con>.elementor-widget-spacer>.elementor-widget-container{height:100%;width:100%}.e-con-inner>.elementor-widget-spacer>.elementor-widget-container>.elementor-spacer,.e-con>.elementor-widget-spacer>.elementor-widget-container>.elementor-spacer{height:100%}.e-con-inner>.elementor-widget-spacer>.elementor-widget-container>.elementor-spacer>.elementor-spacer-inner,.e-con>.elementor-widget-spacer>.elementor-widget-container>.elementor-spacer>.elementor-spacer-inner{height:var(--container-widget-height,var(--spacer-size))}.e-con-inner>.elementor-widget-spacer.elementor-widget-empty,.e-con>.elementor-widget-spacer.elementor-widget-empty{position:relative;min-height:22px;min-width:22px}.e-con-inner>.elementor-widget-spacer.elementor-widget-empty .elementor-widget-empty-icon,.e-con>.elementor-widget-spacer.elementor-widget-empty .elementor-widget-empty-icon{position:absolute;top:0;bottom:0;left:0;right:0;margin:auto;padding:0;width:22px;height:22px}<\/style>\t\t<div class=\"elementor-spacer\">\n\t\t\t<div class=\"elementor-spacer-inner\"><\/div>\n\t\t<\/div>\n\t\t\t\t<\/div>\n\t\t\t\t<\/div>\n\t\t\t\t\t<\/div>\n\t\t<\/div>\n\t\t\t\t\t\t\t<\/div>\n\t\t<\/section>\n\t\t\t\t<section class=\"elementor-section elementor-top-section elementor-element elementor-element-d4cb58b elementor-section-boxed elementor-section-height-default elementor-section-height-default\" data-id=\"d4cb58b\" data-element_type=\"section\">\n\t\t\t\t\t\t<div class=\"elementor-container elementor-column-gap-default\">\n\t\t\t\t\t<div class=\"elementor-column elementor-col-100 elementor-top-column elementor-element elementor-element-9343d47\" data-id=\"9343d47\" data-element_type=\"column\">\n\t\t\t<div class=\"elementor-widget-wrap elementor-element-populated\">\n\t\t\t\t\t\t\t\t<div class=\"elementor-element elementor-element-b142616 elementor-widget elementor-widget-heading\" data-id=\"b142616\" data-element_type=\"widget\" data-widget_type=\"heading.default\">\n\t\t\t\t<div class=\"elementor-widget-container\">\n\t\t\t<h2 class=\"elementor-heading-title elementor-size-large\">Un mod\u00e8le lib\u00e9ral-anticapitaliste<\/h2>\t\t<\/div>\n\t\t\t\t<\/div>\n\t\t\t\t<div class=\"elementor-element elementor-element-64e52df elementor-widget elementor-widget-image\" data-id=\"64e52df\" data-element_type=\"widget\" data-widget_type=\"image.default\">\n\t\t\t\t<div class=\"elementor-widget-container\">\n\t\t\t<style>\/*! elementor - v3.16.0 - 17-10-2023 *\/\n.elementor-widget-image{text-align:center}.elementor-widget-image a{display:inline-block}.elementor-widget-image a img[src$=\".svg\"]{width:48px}.elementor-widget-image img{vertical-align:middle;display:inline-block}<\/style>\t\t\t\t\t\t\t\t\t\t\t\t<img loading=\"lazy\" decoding=\"async\" width=\"960\" height=\"311\" src=\"https:\/\/equiteisme.com\/wp-content\/uploads\/2021\/11\/Modele-liberal-anticapitaliste-bleu-et-rouge-1024x332.png\" class=\"attachment-large size-large wp-image-174\" alt=\"\" srcset=\"https:\/\/equiteisme.com\/wp-content\/uploads\/2021\/11\/Modele-liberal-anticapitaliste-bleu-et-rouge-1024x332.png 1024w, https:\/\/equiteisme.com\/wp-content\/uploads\/2021\/11\/Modele-liberal-anticapitaliste-bleu-et-rouge-300x97.png 300w, https:\/\/equiteisme.com\/wp-content\/uploads\/2021\/11\/Modele-liberal-anticapitaliste-bleu-et-rouge-768x249.png 768w, https:\/\/equiteisme.com\/wp-content\/uploads\/2021\/11\/Modele-liberal-anticapitaliste-bleu-et-rouge.png 1114w\" sizes=\"auto, (max-width: 960px) 100vw, 960px\" \/>\t\t\t\t\t\t\t\t\t\t\t\t\t\t\t<\/div>\n\t\t\t\t<\/div>\n\t\t\t\t<div class=\"elementor-element elementor-element-f1611a4 elementor-widget elementor-widget-spacer\" data-id=\"f1611a4\" data-element_type=\"widget\" data-widget_type=\"spacer.default\">\n\t\t\t\t<div class=\"elementor-widget-container\">\n\t\t\t\t\t<div class=\"elementor-spacer\">\n\t\t\t<div class=\"elementor-spacer-inner\"><\/div>\n\t\t<\/div>\n\t\t\t\t<\/div>\n\t\t\t\t<\/div>\n\t\t\t\t<div class=\"elementor-element elementor-element-e2d9a3f elementor-widget elementor-widget-text-editor\" data-id=\"e2d9a3f\" data-element_type=\"widget\" data-widget_type=\"text-editor.default\">\n\t\t\t\t<div class=\"elementor-widget-container\">\n\t\t\t\t\t\t\t<p>L\u2019\u00e9quit\u00e9isme n\u2019est pas une \u00e9conomie centralis\u00e9e o\u00f9 l\u2019Etat contr\u00f4le tout comme en r\u00e9gime communiste (avec nationalisation de toutes les entreprises, planification et fixation administrative des prix et des quantit\u00e9s \u00e0 produire). Au contraire, on conserve le mod\u00e8le d&#8217;une <strong>\u00e9conomie de march\u00e9 d\u00e9centralis\u00e9e<\/strong>, avec <strong>des entreprises priv\u00e9es autonomes de l\u2019Etat<\/strong> : financ\u00e9es par des capitaux priv\u00e9s emprunt\u00e9s sur le march\u00e9, elles d\u00e9cident elles-m\u00eames de leur production, fixent leurs prix et embauchent ou licencient librement la main d\u2019\u0153uvre n\u00e9cessaire \u2013 laquelle est r\u00e9mun\u00e9r\u00e9e \u00e0 un salaire de march\u00e9.<\/p><p>Mais contrairement au r\u00e9gime capitaliste, l&#8217;\u00e9quit\u00e9isme <strong>brise l&#8217;emprise du capital sur les institutions \u00e9conomiques<\/strong> :<\/p><p><strong>\u00a0\u00a0\u00a0 &#8211;<\/strong> la monnaie n\u2019est plus cr\u00e9\u00e9e par les banques priv\u00e9es en contrepartie de la dette : c&#8217;est la <a href=\"http:\/\/equiteisme.com\/index.php\/monnaie\/\"><strong>monnaie libre<\/strong><\/a><\/p><p><strong>\u00a0\u00a0\u00a0 &#8211; <\/strong>les actionnaires ne poss\u00e8dent plus les entreprises : c&#8217;est l&#8217;<a href=\"http:\/\/equiteisme.com\/index.php\/entreprise\/\"><strong>entreprise partenariale<\/strong><\/a><\/p><p><strong>\u00a0 \u00a0 &#8211; <\/strong>les milliardaires ne peuvent pas transmettre leur fortune \u00e0 leurs enfants alors que d\u2019autres n\u2019h\u00e9ritent de rien : c&#8217;est l&#8217;<a href=\"http:\/\/equiteisme.com\/index.php\/heritage\/\"><strong>h\u00e9ritage universel<\/strong><\/a><\/p><p>En outre, <strong>la propri\u00e9t\u00e9 priv\u00e9e est garantie<\/strong> mais entre certaines bornes, avec un <strong>seuil minimal<\/strong> (dotation initiale) et un <strong>seuil maximal<\/strong> (plafond de patrimoine)\u00a0: plus de SDF ni de milliardaire.<\/p>\t\t\t\t\t\t<\/div>\n\t\t\t\t<\/div>\n\t\t\t\t\t<\/div>\n\t\t<\/div>\n\t\t\t\t\t\t\t<\/div>\n\t\t<\/section>\n\t\t\t\t<section class=\"elementor-section elementor-top-section elementor-element elementor-element-dc65cef elementor-section-boxed elementor-section-height-default elementor-section-height-default\" data-id=\"dc65cef\" data-element_type=\"section\">\n\t\t\t\t\t\t<div class=\"elementor-container elementor-column-gap-default\">\n\t\t\t\t\t<div class=\"elementor-column elementor-col-100 elementor-top-column elementor-element elementor-element-7abc94f\" data-id=\"7abc94f\" data-element_type=\"column\">\n\t\t\t<div class=\"elementor-widget-wrap elementor-element-populated\">\n\t\t\t\t\t\t\t\t<div class=\"elementor-element elementor-element-699b0d7 elementor-widget elementor-widget-spacer\" data-id=\"699b0d7\" data-element_type=\"widget\" data-widget_type=\"spacer.default\">\n\t\t\t\t<div class=\"elementor-widget-container\">\n\t\t\t\t\t<div class=\"elementor-spacer\">\n\t\t\t<div class=\"elementor-spacer-inner\"><\/div>\n\t\t<\/div>\n\t\t\t\t<\/div>\n\t\t\t\t<\/div>\n\t\t\t\t<div class=\"elementor-element elementor-element-2ea593f elementor-widget elementor-widget-image\" data-id=\"2ea593f\" data-element_type=\"widget\" data-widget_type=\"image.default\">\n\t\t\t\t<div class=\"elementor-widget-container\">\n\t\t\t\t\t\t\t\t\t\t\t\t\t\t\t<img decoding=\"async\" src=\"https:\/\/equiteisme.com\/wp-content\/uploads\/elementor\/thumbs\/Equiteisme-3-piliers-image-2-pggk3h69cb2693m6hnxm0p76vmx7j5vgdr8cjtvbsc.png\" title=\"Equit\u00e9isme 3 piliers image\" alt=\"Equit\u00e9isme 3 piliers image\" loading=\"lazy\" \/>\t\t\t\t\t\t\t\t\t\t\t\t\t\t\t<\/div>\n\t\t\t\t<\/div>\n\t\t\t\t<div class=\"elementor-element elementor-element-44ab324 elementor-widget elementor-widget-spacer\" data-id=\"44ab324\" data-element_type=\"widget\" data-widget_type=\"spacer.default\">\n\t\t\t\t<div class=\"elementor-widget-container\">\n\t\t\t\t\t<div class=\"elementor-spacer\">\n\t\t\t<div class=\"elementor-spacer-inner\"><\/div>\n\t\t<\/div>\n\t\t\t\t<\/div>\n\t\t\t\t<\/div>\n\t\t\t\t<div class=\"elementor-element elementor-element-becd58e elementor-widget elementor-widget-text-editor\" data-id=\"becd58e\" data-element_type=\"widget\" data-widget_type=\"text-editor.default\">\n\t\t\t\t<div class=\"elementor-widget-container\">\n\t\t\t\t\t\t\t<div>Ainsi, l&#8217;\u00e9quit\u00e9isme red\u00e9finit les <strong>trois institutions fondamentales<\/strong> de l&#8217;\u00e9conomie :<\/div><div>&gt; Dans le domaine de la<b> circulation de la richesse<\/b> par l&#8217;\u00e9change marchand, l&#8217;institution de la <b>monnaie<\/b>, qui doit respecter la<strong> justice commutative<\/strong><\/div><div>&gt; Dans le domaine de la <b>production de la richesse<\/b> par le travail, l&#8217;institution de l&#8217;<b>entreprise<\/b>, qui doit respecter la <b>justice distributive<\/b><\/div><div>&gt; Dans le domaine de la <b>transmission de la richesse<\/b> entre g\u00e9n\u00e9rations, l&#8217;institution de l&#8217;<b>h\u00e9ritage<\/b>, qui doit respecter la<b> justice attributive<\/b><\/div>\t\t\t\t\t\t<\/div>\n\t\t\t\t<\/div>\n\t\t\t\t<div class=\"elementor-element elementor-element-1c101fb elementor-widget elementor-widget-spacer\" data-id=\"1c101fb\" data-element_type=\"widget\" data-widget_type=\"spacer.default\">\n\t\t\t\t<div class=\"elementor-widget-container\">\n\t\t\t\t\t<div class=\"elementor-spacer\">\n\t\t\t<div class=\"elementor-spacer-inner\"><\/div>\n\t\t<\/div>\n\t\t\t\t<\/div>\n\t\t\t\t<\/div>\n\t\t\t\t\t<\/div>\n\t\t<\/div>\n\t\t\t\t\t\t\t<\/div>\n\t\t<\/section>\n\t\t\t\t<section class=\"elementor-section elementor-top-section elementor-element elementor-element-20f0eb4 elementor-section-boxed elementor-section-height-default elementor-section-height-default\" data-id=\"20f0eb4\" data-element_type=\"section\">\n\t\t\t\t\t\t<div class=\"elementor-container elementor-column-gap-default\">\n\t\t\t\t\t<div class=\"elementor-column elementor-col-100 elementor-top-column elementor-element elementor-element-ed244d5\" data-id=\"ed244d5\" data-element_type=\"column\">\n\t\t\t<div class=\"elementor-widget-wrap elementor-element-populated\">\n\t\t\t\t\t\t\t\t<div class=\"elementor-element elementor-element-0264a33 elementor-widget elementor-widget-image\" data-id=\"0264a33\" data-element_type=\"widget\" data-widget_type=\"image.default\">\n\t\t\t\t<div class=\"elementor-widget-container\">\n\t\t\t\t\t\t\t\t\t\t\t\t\t\t\t<img loading=\"lazy\" decoding=\"async\" width=\"960\" height=\"378\" src=\"https:\/\/equiteisme.com\/wp-content\/uploads\/2021\/11\/Equiteisme-vs.-capitalisme-jaune-et-gris-sur-fond-blanc-1024x403.png\" class=\"attachment-large size-large wp-image-164\" alt=\"\" srcset=\"https:\/\/equiteisme.com\/wp-content\/uploads\/2021\/11\/Equiteisme-vs.-capitalisme-jaune-et-gris-sur-fond-blanc-1024x403.png 1024w, https:\/\/equiteisme.com\/wp-content\/uploads\/2021\/11\/Equiteisme-vs.-capitalisme-jaune-et-gris-sur-fond-blanc-300x118.png 300w, https:\/\/equiteisme.com\/wp-content\/uploads\/2021\/11\/Equiteisme-vs.-capitalisme-jaune-et-gris-sur-fond-blanc-768x302.png 768w, https:\/\/equiteisme.com\/wp-content\/uploads\/2021\/11\/Equiteisme-vs.-capitalisme-jaune-et-gris-sur-fond-blanc.png 1128w\" sizes=\"auto, (max-width: 960px) 100vw, 960px\" \/>\t\t\t\t\t\t\t\t\t\t\t\t\t\t\t<\/div>\n\t\t\t\t<\/div>\n\t\t\t\t\t<\/div>\n\t\t<\/div>\n\t\t\t\t\t\t\t<\/div>\n\t\t<\/section>\n\t\t\t\t\t\t\t<\/div>\n\t\t","protected":false},"excerpt":{"rendered":"<p>Ni capitalisme, ni communisme L&#8217;\u00e9quit\u00e9isme est un nouveau r\u00e9gime \u00e9conomique ax\u00e9 non pas sur l&#8217;accumulation sans limite du profit, mais sur la justice sociale. Dans ce syst\u00e8me d&#8217;\u00e9conomie de march\u00e9 post-capitaliste, ce n\u2019est plus le capital qui est au centre de l\u2019\u00e9conomie (donc le pouvoir des milliardaires), ni le collectif (qui \u00e9crase la libert\u00e9 individuelle en r\u00e9gime communiste), mais l\u2019\u00e9quit\u00e9\u00a0: traiter chaque citoyen de mani\u00e8re \u00e9quitable. C&#8217;est un mod\u00e8le enti\u00e8rement nouveau, \u00e0 la fois lib\u00e9ral et anticapitaliste. Un mod\u00e8le lib\u00e9ral-anticapitaliste L\u2019\u00e9quit\u00e9isme n\u2019est pas une \u00e9conomie centralis\u00e9e o\u00f9 l\u2019Etat contr\u00f4le tout comme en r\u00e9gime communiste (avec nationalisation de toutes les entreprises, planification et fixation administrative des prix et des quantit\u00e9s \u00e0 produire). Au contraire, on conserve le mod\u00e8le d&#8217;une \u00e9conomie de march\u00e9 d\u00e9centralis\u00e9e, avec des entreprises priv\u00e9es autonomes de l\u2019Etat : financ\u00e9es par des capitaux priv\u00e9s emprunt\u00e9s sur le march\u00e9, elles d\u00e9cident elles-m\u00eames de leur production, fixent leurs prix et embauchent ou licencient librement la main d\u2019\u0153uvre n\u00e9cessaire \u2013 laquelle est r\u00e9mun\u00e9r\u00e9e \u00e0 un salaire de march\u00e9. Mais contrairement au r\u00e9gime capitaliste, l&#8217;\u00e9quit\u00e9isme brise l&#8217;emprise du capital sur les institutions \u00e9conomiques : \u00a0\u00a0\u00a0 &#8211; la monnaie n\u2019est plus cr\u00e9\u00e9e par les banques priv\u00e9es en contrepartie de la dette : c&#8217;est la monnaie libre \u00a0\u00a0\u00a0 &#8211; les actionnaires ne poss\u00e8dent plus les entreprises : c&#8217;est l&#8217;entreprise partenariale \u00a0 \u00a0 &#8211; les milliardaires ne peuvent pas transmettre leur fortune \u00e0 leurs enfants alors que d\u2019autres n\u2019h\u00e9ritent de rien : c&#8217;est l&#8217;h\u00e9ritage universel En outre, la propri\u00e9t\u00e9 priv\u00e9e est garantie mais entre certaines bornes, avec un seuil minimal (dotation initiale) et un seuil maximal (plafond de patrimoine)\u00a0: plus de SDF ni de milliardaire. Ainsi, l&#8217;\u00e9quit\u00e9isme red\u00e9finit les trois institutions fondamentales de l&#8217;\u00e9conomie :&gt; Dans le domaine de la circulation de la richesse par l&#8217;\u00e9change marchand, l&#8217;institution de la monnaie, qui doit respecter la justice commutative&gt; Dans le domaine de la production de la richesse par le travail, l&#8217;institution de l&#8217;entreprise, qui doit respecter la justice distributive&gt; Dans le domaine de la transmission de la richesse entre g\u00e9n\u00e9rations, l&#8217;institution de l&#8217;h\u00e9ritage, qui doit respecter la justice attributive<\/p>\n","protected":false},"author":1,"featured_media":0,"parent":0,"menu_order":0,"comment_status":"closed","ping_status":"closed","template":"","meta":{"footnotes":""},"class_list":["post-46","page","type-page","status-publish","hentry"],"_links":{"self":[{"href":"https:\/\/equiteisme.com\/index.php\/wp-json\/wp\/v2\/pages\/46","targetHints":{"allow":["GET"]}}],"collection":[{"href":"https:\/\/equiteisme.com\/index.php\/wp-json\/wp\/v2\/pages"}],"about":[{"href":"https:\/\/equiteisme.com\/index.php\/wp-json\/wp\/v2\/types\/page"}],"author":[{"embeddable":true,"href":"https:\/\/equiteisme.com\/index.php\/wp-json\/wp\/v2\/users\/1"}],"replies":[{"embeddable":true,"href":"https:\/\/equiteisme.com\/index.php\/wp-json\/wp\/v2\/comments?post=46"}],"version-history":[{"count":83,"href":"https:\/\/equiteisme.com\/index.php\/wp-json\/wp\/v2\/pages\/46\/revisions"}],"predecessor-version":[{"id":301,"href":"https:\/\/equiteisme.com\/index.php\/wp-json\/wp\/v2\/pages\/46\/revisions\/301"}],"wp:attachment":[{"href":"https:\/\/equiteisme.com\/index.php\/wp-json\/wp\/v2\/media?parent=46"}],"curies":[{"name":"wp","href":"https:\/\/api.w.org\/{rel}","templated":true}]}}